{"id":275,"date":"2021-09-23T10:33:01","date_gmt":"2021-09-23T10:33:01","guid":{"rendered":"https:\/\/mattipenttinen.fi\/shop\/?post_type=product&#038;p=275"},"modified":"2021-09-23T10:43:19","modified_gmt":"2021-09-23T10:43:19","slug":"irtisanomisilmoitus-henkilokohtaisella-perusteella-tyontekoedellytysten-muutos","status":"publish","type":"product","link":"https:\/\/mattipenttinen.fi\/shop\/tuote\/irtisanomisilmoitus-henkilokohtaisella-perusteella-tyontekoedellytysten-muutos\/","title":{"rendered":"Ty\u00f6sopimuksen irtisanomisilmoitus henkil\u00f6kohtaisella perusteella, ty\u00f6ntekoedellytysten muutos"},"content":{"rendered":"","protected":false},"excerpt":{"rendered":"","protected":false},"featured_media":144,"template":"","meta":[],"product_brand":[],"product_cat":[21],"product_tag":[88,51,89,87],"class_list":{"0":"post-275","1":"product","2":"type-product","3":"status-publish","4":"has-post-thumbnail","6":"product_cat-tyooikeus","7":"product_tag-henkilokohtainen-peruste","8":"product_tag-irtisanomisilmoitus","9":"product_tag-tyontekoedellytysten-muutos","10":"product_tag-tyosopimuksen-irtisanominen","12":"first","13":"instock","14":"downloadable","15":"taxable","16":"shipping-taxable","17":"purchasable","18":"product-type-simple"},"_links":{"self":[{"href":"https:\/\/mattipenttinen.fi\/shop\/wp-json\/wp\/v2\/product\/275","targetHints":{"allow":["GET"]}}],"collection":[{"href":"https:\/\/mattipenttinen.fi\/shop\/wp-json\/wp\/v2\/product"}],"about":[{"href":"https:\/\/mattipenttinen.fi\/shop\/wp-json\/wp\/v2\/types\/product"}],"wp:featuredmedia":[{"embeddable":true,"href":"https:\/\/mattipenttinen.fi\/shop\/wp-json\/wp\/v2\/media\/144"}],"wp:attachment":[{"href":"https:\/\/mattipenttinen.fi\/shop\/wp-json\/wp\/v2\/media?parent=275"}],"wp:term":[{"taxonomy":"product_brand","embeddable":true,"href":"https:\/\/mattipenttinen.fi\/shop\/wp-json\/wp\/v2\/product_brand?post=275"},{"taxonomy":"product_cat","embeddable":true,"href":"https:\/\/mattipenttinen.fi\/shop\/wp-json\/wp\/v2\/product_cat?post=275"},{"taxonomy":"product_tag","embeddable":true,"href":"https:\/\/mattipenttinen.fi\/shop\/wp-json\/wp\/v2\/product_tag?post=275"}],"curies":[{"name":"wp","href":"https:\/\/api.w.org\/{rel}","templated":true}]}}