{"id":447,"date":"2021-09-28T09:19:27","date_gmt":"2021-09-28T09:19:27","guid":{"rendered":"https:\/\/mattipenttinen.fi\/shop\/?page_id=447"},"modified":"2021-09-29T07:13:28","modified_gmt":"2021-09-29T07:13:28","slug":"tietosuojaseloste","status":"publish","type":"page","link":"https:\/\/mattipenttinen.fi\/shop\/tietosuojaseloste\/","title":{"rendered":"Tietosuojaseloste"},"content":{"rendered":"\n<p><strong>Tietosuojaseloste<\/strong><br>T\u00e4m\u00e4 on asianajotoimisto Matti Penttinen Oy:n henkil\u00f6tietolain 10 ja 24 \u00a7 sek\u00e4 EU:n yleisen tietosuoja-asetuksen (GDPR) mukainen rekisteri- ja tietosuojaseloste.<br>Laadittu 1.10.2021. Viimeisin muutos 1.10.2021<\/p>\n\n\n\n<ol class=\"wp-block-list\"><li><strong>Rekisterinpit\u00e4j\u00e4<\/strong><br>Asianajotoimisto Matti Penttinen Oy (y-tunnus: 1531010-8)<br>Museokatu 8 A<br>00100 Helsinki<\/li><li><strong>Rekisterist\u00e4 vastaava yhdyshenkil\u00f6<\/strong><br>Matti Penttinen, matti.penttinen@mattipenttinen.fi<\/li><li><strong>Rekisterin nimi<\/strong><br>Asianajotoimisto Matti Penttinen Oy:n verkkokaupan asiakasrekisteri.<\/li><li><strong>Rekisterin tietosis\u00e4lt\u00f6<\/strong><br>Asiakasrekisteriin tallennetaan:<br>Verkkokaupan tilaustietoihin tallennetaan asiakkaan tilauksen yhteydess\u00e4 antamat tiedot, kuten tilauksen tuotesis\u00e4lt\u00f6, maksutapa ja toimitustapa.<\/li><li><strong>Oikeusperuste ja henkil\u00f6tietojen k\u00e4sittelyn tarkoitus<\/strong><br>Henkil\u00f6tietojen k\u00e4sittelyn oikeusperusteena on asiakkaan suostumus.<br>Henkil\u00f6tietojen k\u00e4sittelyn tarkoituksena on asiakassuhteen hoitaminen sek\u00e4 tilauksen k\u00e4sittely, toimitus ja arkistointi.<\/li><li><strong>Henkil\u00f6tietojen s\u00e4ilytys<\/strong><br>Henkil\u00f6tietoja s\u00e4ilytet\u00e4\u00e4n niin kauan, kuin on tarpeellista rekisterin k\u00e4ytt\u00f6tarkoitusten toteuttamiseksi.<br>Lis\u00e4ksi joitain tietoja voidaan s\u00e4ilytt\u00e4\u00e4 kauemmin niilt\u00e4 osin kuin se on tarpeen laissa asetettujen velvollisuuksien, kuten kirjanpitoa ja kuluttajakauppaa koskevien vastuiden hoitamiseksi.<\/li><li><strong>Henkil\u00f6tietojen luovutus<\/strong><br>Tietoja ei luovuteta s\u00e4\u00e4nn\u00f6nmukaisesti kolmansille tahoille. Tietoja luovutetaan ainoastaan maksupalvelusta vastaaville yhteisty\u00f6kumppaneille verkkokaupan toiminnan mahdollistamiseksi.<\/li><li><strong>Rekisterin suojauksen periaatteet<\/strong><br>Rekisterin k\u00e4sittelyss\u00e4 noudatetaan huolellisuutta ja tietoj\u00e4rjestelmien avulla k\u00e4sitelt\u00e4v\u00e4t tiedot suojataan asianmukaisesti. Kun rekisteritietoja s\u00e4ilytet\u00e4\u00e4n Internet-palvelimilla, niiden laitteiston fyysisest\u00e4 ja digitaalisesta tietoturvasta huolehditaan asiaankuuluvasti. Rekisterinpit\u00e4j\u00e4 huolehtii siit\u00e4, ett\u00e4 tallennettuja tietoja sek\u00e4 palvelimien k\u00e4ytt\u00f6oikeuksia ja muita henkil\u00f6tietojen turvallisuuden kannalta kriittisi\u00e4 tietoja k\u00e4sitell\u00e4\u00e4n luottamuksellisesti ja vain niiden ty\u00f6ntekij\u00f6iden toimesta, joiden ty\u00f6nkuvaan se kuuluu.<\/li><li><strong>Tarkastusoikeus ja oikeus vaatia tiedon korjaamista<\/strong><br>Jokaisella rekisteriss\u00e4 olevalla henkil\u00f6ll\u00e4 on oikeus tarkistaa rekisteriin tallennetut tietonsa ja vaatia mahdollisen virheellisen tiedon korjaamista tai puutteellisen tiedon t\u00e4ydent\u00e4mist\u00e4. Mik\u00e4li henkil\u00f6 haluaa tarkistaa h\u00e4nest\u00e4 tallennetut tiedot tai vaatia niihin oikaisua, pyynt\u00f6 tulee l\u00e4hett\u00e4\u00e4 kirjallisesti rekisterinpit\u00e4j\u00e4lle. Rekisterinpit\u00e4j\u00e4 voi pyyt\u00e4\u00e4 tarvittaessa pyynn\u00f6n esitt\u00e4j\u00e4\u00e4 todistamaan henkil\u00f6llisyytens\u00e4. Rekisterinpit\u00e4j\u00e4 vastaa asiakkaalle EU:n tietosuoja-asetuksessa s\u00e4\u00e4detyss\u00e4 ajassa (p\u00e4\u00e4s\u00e4\u00e4nt\u00f6isesti kuukauden kuluessa).<\/li><li><strong>Muut henkil\u00f6tietojen k\u00e4sittelyyn liittyv\u00e4t oikeudet<\/strong><br>Rekisteriss\u00e4 olevalla henkil\u00f6ll\u00e4 on oikeus pyyt\u00e4\u00e4 h\u00e4nt\u00e4 koskevien henkil\u00f6tietojen poistamiseen rekisterist\u00e4 (&#8221;oikeus tulla unohdetuksi&#8221;). Niin ik\u00e4\u00e4n rekister\u00f6idyill\u00e4 on muut EU:n yleisen tietosuoja-asetuksen mukaiset oikeudet kuten henkil\u00f6tietojen k\u00e4sittelyn rajoittaminen tietyiss\u00e4 tilanteissa. Pyynn\u00f6t tulee l\u00e4hett\u00e4\u00e4 kirjallisesti rekisterinpit\u00e4j\u00e4lle. Rekisterinpit\u00e4j\u00e4 voi pyyt\u00e4\u00e4 tarvittaessa pyynn\u00f6n esitt\u00e4j\u00e4\u00e4 todistamaan henkil\u00f6llisyytens\u00e4. Rekisterinpit\u00e4j\u00e4 vastaa asiakkaalle EU:n tietosuoja-asetuksessa s\u00e4\u00e4detyss\u00e4 ajassa (p\u00e4\u00e4s\u00e4\u00e4nt\u00f6isesti kuukauden kuluessa).<\/li><\/ol>\n\n\n\n<p><\/p>\n","protected":false},"excerpt":{"rendered":"<p>TietosuojaselosteT\u00e4m\u00e4 on asianajotoimisto Matti Penttinen Oy:n henkil\u00f6tietolain 10 ja 24 \u00a7 sek\u00e4 EU:n yleisen tietosuoja-asetuksen (GDPR) mukainen rekisteri- ja tietosuojaseloste.Laadittu 1.10.2021. Viimeisin muutos 1.10.2021 Rekisterinpit\u00e4j\u00e4Asianajotoimisto Matti Penttinen Oy (y-tunnus: 1531010-8)Museokatu 8 A00100 Helsinki Rekisterist\u00e4 vastaava yhdyshenkil\u00f6Matti Penttinen, matti.penttinen@mattipenttinen.fi Rekisterin nimiAsianajotoimisto Matti Penttinen Oy:n verkkokaupan asiakasrekisteri. Rekisterin tietosis\u00e4lt\u00f6Asiakasrekisteriin tallennetaan:Verkkokaupan tilaustietoihin tallennetaan asiakkaan tilauksen yhteydess\u00e4 antamat tiedot, [&hellip;]<\/p>\n","protected":false},"author":2,"featured_media":0,"parent":0,"menu_order":0,"comment_status":"closed","ping_status":"closed","template":"","meta":{"footnotes":""},"class_list":["post-447","page","type-page","status-publish","hentry"],"_links":{"self":[{"href":"https:\/\/mattipenttinen.fi\/shop\/wp-json\/wp\/v2\/pages\/447","targetHints":{"allow":["GET"]}}],"collection":[{"href":"https:\/\/mattipenttinen.fi\/shop\/wp-json\/wp\/v2\/pages"}],"about":[{"href":"https:\/\/mattipenttinen.fi\/shop\/wp-json\/wp\/v2\/types\/page"}],"author":[{"embeddable":true,"href":"https:\/\/mattipenttinen.fi\/shop\/wp-json\/wp\/v2\/users\/2"}],"replies":[{"embeddable":true,"href":"https:\/\/mattipenttinen.fi\/shop\/wp-json\/wp\/v2\/comments?post=447"}],"version-history":[{"count":3,"href":"https:\/\/mattipenttinen.fi\/shop\/wp-json\/wp\/v2\/pages\/447\/revisions"}],"predecessor-version":[{"id":456,"href":"https:\/\/mattipenttinen.fi\/shop\/wp-json\/wp\/v2\/pages\/447\/revisions\/456"}],"wp:attachment":[{"href":"https:\/\/mattipenttinen.fi\/shop\/wp-json\/wp\/v2\/media?parent=447"}],"curies":[{"name":"wp","href":"https:\/\/api.w.org\/{rel}","templated":true}]}}