{"id":72,"date":"2023-10-13T06:26:27","date_gmt":"2023-10-13T06:26:27","guid":{"rendered":"https:\/\/mattipenttinen.fi\/Estonia\/irtisanomisperuste_est\/"},"modified":"2023-10-13T06:26:31","modified_gmt":"2023-10-13T06:26:31","slug":"irtisanomisperuste_est","status":"publish","type":"page","link":"https:\/\/mattipenttinen.fi\/Estonia\/irtisanomisperuste_est\/","title":{"rendered":"irtisanomisperuste_est"},"content":{"rendered":"\n  \n    <section class=\"u-clearfix u-section-1\" id=\"sec-5756\">\n      <div class=\"u-clearfix u-sheet u-sheet-1\">\n        <h5 class=\"u-align-left u-text u-text-1\"> Vallandamise\nalus<\/h5>\n        <p class=\"u-align-left u-text u-text-2\"> T\u00f6\u00f6lepingu l\u00f5petamine peab alati olema seadusega koosk\u00f5las. T\u00f6\u00f6lepinguseaduse kohaselt v\u00f5ib t\u00f6\u00f6andja l\u00f5petada t\u00e4htajatu lepingu ainult asjakohasel ja kaalukal p\u00f5hjusel. See seaduses\u00e4te on kohustav ehk seadusest erinevatest vallandamise alustest ei v\u00f5i kokku leppida t\u00f6\u00f6lepingus ega kollektiivlepingus. <br>\n          <br>Vallandamine v\u00f5ib p\u00f5hineda kas t\u00f6\u00f6taja isikuga seotud vallandamisalustel v\u00f5i majanduse ja tootmisega seotud vallandamisalustel. Asjakohase ja kaaluka p\u00f5hjuse n\u00f5ue kehtib alati m\u00f5lema vallandamisaluse puhul. <br>\n          <br>T\u00f6\u00f6tajast tuleneva v\u00f5i tema isikuga seotud asjakohane ja kaalukas vallandamise alus v\u00f5ib olla t\u00f6\u00f6lepingust v\u00f5i seadusest tulenevate, t\u00f6\u00f6suhet oluliselt m\u00f5jutavate kohustuste t\u00f5sine rikkumine v\u00f5i t\u00e4itmata j\u00e4tmine. Lisaks v\u00f5ib t\u00f6\u00f6taja isikuga seotud vallandamisaluseks olla selline isikuga seotud t\u00f6\u00f6tamiseelduste oluline muutumine, mille t\u00f5ttu t\u00f6\u00f6taja ei ole enam v\u00f5imeline oma t\u00f6\u00f6ga hakkama saama. P\u00f5hjuse asjakohasust ja kaalukust hinnates peab arvestama t\u00f6\u00f6andja ja t\u00f6\u00f6taja olukorda tervikuna. <br>\n          <br>Kui vallandamisaluseks on t\u00f6\u00f6tajapoolne kohustuste t\u00e4itmata j\u00e4tmine v\u00f5i t\u00f6\u00f6lepingu vastane tegevus, peab see tegemataj\u00e4tmine m\u00f5jutama t\u00f6\u00f6taja ja t\u00f6\u00f6andja suhet nii oluliselt, et t\u00f6\u00f6suhte j\u00e4tkamisele ei ole enam eelduseid. Seaduses ei ole ammandavalt m\u00e4\u00e4ratletud, millal v\u00f5ib t\u00f6\u00f6taja tegemataj\u00e4tmist pidada nii olulisena, et see \u00f5igustaks t\u00f6\u00f6lepingu l\u00f5petamist. Vallandamise aluse \u00fcle otsustakse juhtum juhtumilt ja antud olukorra tingimustega arvestades. Lisaks eeldab t\u00f6\u00f6taja vallandamine tema isikuga seotud p\u00f5hjustel \u00f5iglushinnangut, ehk selle hindamist, kas vallandamine on \u00f5iglane tagaj\u00e4rg t\u00f6\u00f6taja tegutsemisviisile. <br>\n          <br>T\u00f6\u00f6andja peab vallandamisalusele apelleerima m\u00f5istliku aja jooksul sellest, kui ta on alusest teada saanud. Lisaks peab enne t\u00f6\u00f6tajast tuleneval p\u00f5hjusel vallandamist \u00e4ra kuulama t\u00f6\u00f6taja arvamuse vallandamise alusena olevate asjaolude suhtes. <br>\n          <br>Majanduslikud ja tootmisega seotud vallandamise alused t\u00e4ituvad, kui pakutud t\u00f6\u00f6 on majanduslikel, tootmisega seotud v\u00f5i t\u00f6\u00f6andja tegevuse \u00fcmberkorraldusega seotud p\u00f5hjustel v\u00e4henenud oluliselt ja alaliselt. T\u00f6\u00f6andja peab siiski enne v\u00e4lja selgitama, kas t\u00f6\u00f6tajat on v\u00f5imalik teisele t\u00f6\u00f6le suunata v\u00f5i koolitada ja kas vallandamist saaks seega v\u00e4ltida. <br>\n          <br>T\u00f6\u00f6tajat ei v\u00f5i vallandada v\u00e4hestel v\u00f5i n\u00e4ilikel majanduse ja tootmisega seotud p\u00f5hjustel. T\u00f6\u00f6lepinguseaduses on ka kirjas, et alust vallandamisele ei ole, kui t\u00f6\u00f6andja on enne v\u00f5i p\u00e4rast vallandamist v\u00f5tnud uue t\u00f6\u00f6taja t\u00e4itma sarnaseid t\u00f6\u00f6\u00fclesandeid, kuigi t\u00f6\u00f6andja tegevuseeldused ei ole muutunud. Vallandamisalust ei ole ka siis, kui t\u00f6\u00f6de \u00fcmberkorraldusest ei ole tekkinud t\u00f6\u00f6 tegelikku v\u00e4henemist.&nbsp;<br>\n        <\/p>\n      <\/div>\n    <\/section>\n    \n    \n    \n    \n  \n","protected":false},"excerpt":{"rendered":"<p>Vallandamise alus T\u00f6\u00f6lepingu l\u00f5petamine peab alati olema seadusega koosk\u00f5las. T\u00f6\u00f6lepinguseaduse kohaselt v\u00f5ib t\u00f6\u00f6andja l\u00f5petada t\u00e4htajatu lepingu ainult asjakohasel ja kaalukal p\u00f5hjusel. See seaduses\u00e4te on kohustav ehk seadusest erinevatest vallandamise alustest ei v\u00f5i kokku leppida t\u00f6\u00f6lepingus ega kollektiivlepingus. Vallandamine v\u00f5ib p\u00f5hineda kas t\u00f6\u00f6taja isikuga seotud vallandamisalustel v\u00f5i majanduse ja tootmisega seotud vallandamisalustel. Asjakohase ja kaaluka p\u00f5hjuse &hellip; <a href=\"https:\/\/mattipenttinen.fi\/Estonia\/irtisanomisperuste_est\/\" class=\"more-link\">Continue reading<span class=\"screen-reader-text\"> &#8221;irtisanomisperuste_est&#8221;<\/span><\/a><\/p>\n","protected":false},"author":2,"featured_media":0,"parent":0,"menu_order":19,"comment_status":"closed","ping_status":"closed","template":"","meta":{"footnotes":""},"class_list":["post-72","page","type-page","status-publish","hentry"],"_links":{"self":[{"href":"https:\/\/mattipenttinen.fi\/Estonia\/wp-json\/wp\/v2\/pages\/72","targetHints":{"allow":["GET"]}}],"collection":[{"href":"https:\/\/mattipenttinen.fi\/Estonia\/wp-json\/wp\/v2\/pages"}],"about":[{"href":"https:\/\/mattipenttinen.fi\/Estonia\/wp-json\/wp\/v2\/types\/page"}],"author":[{"embeddable":true,"href":"https:\/\/mattipenttinen.fi\/Estonia\/wp-json\/wp\/v2\/users\/2"}],"replies":[{"embeddable":true,"href":"https:\/\/mattipenttinen.fi\/Estonia\/wp-json\/wp\/v2\/comments?post=72"}],"version-history":[{"count":1,"href":"https:\/\/mattipenttinen.fi\/Estonia\/wp-json\/wp\/v2\/pages\/72\/revisions"}],"predecessor-version":[{"id":91,"href":"https:\/\/mattipenttinen.fi\/Estonia\/wp-json\/wp\/v2\/pages\/72\/revisions\/91"}],"wp:attachment":[{"href":"https:\/\/mattipenttinen.fi\/Estonia\/wp-json\/wp\/v2\/media?parent=72"}],"curies":[{"name":"wp","href":"https:\/\/api.w.org\/{rel}","templated":true}]}}