{"id":67,"date":"2023-10-13T06:26:22","date_gmt":"2023-10-13T06:26:22","guid":{"rendered":"https:\/\/mattipenttinen.fi\/Estonia\/ehdot_est\/"},"modified":"2023-10-13T06:26:30","modified_gmt":"2023-10-13T06:26:30","slug":"ehdot_est","status":"publish","type":"page","link":"https:\/\/mattipenttinen.fi\/Estonia\/ehdot_est\/","title":{"rendered":"ehdot_est"},"content":{"rendered":"\n  \n    <section class=\"u-align-center u-clearfix u-section-1\" id=\"sec-f014\">\n      <div class=\"u-clearfix u-sheet u-sheet-1\">\n        <h5 class=\"u-align-left u-text u-text-1\"> Tellimuse \u00fcldtingimused<\/h5>\n        <p class=\"u-align-left u-text u-text-2\">\n          <span style=\"font-weight: 700;\">1. Rakendusala <\/span>\n          <br>\n          <br>1.1. Tellimuse \u00fcldtingimused <br>Neid lepingutingimusi rakendatakse k\u00f5ikide Advokaadib\u00fcroo Matti Penttinen Oy (Asianajotoimisto Matti Penttinen Oy) s\u00f5lmitud kliendilepingute t\u00e4iendavate tingimustena, kui kliendiga pole nimelt teisiti eraldi kirjalikult kokku lepitud. Tellimusel rakendatakse Soome seadusandlust. <br>\n          <br>\n          <span style=\"font-weight: 700;\">2. Lepingu osapooled <\/span>\n          <br>\n          <br>2.1. Lepingu osapooled on Advokaadib\u00fcroo Matti Penttinen Oy (edaspidi b\u00fcroo) ja tellimuse esitanud klient (edaspidi tellija v\u00f5i klient). <br>2.2. Tellija ja tema kontaktandmed ilmnevad kliendilepingust. <br>2.3. B\u00fcroo kontaktandmed on j\u00e4rgmised: <br>\n          <br>Asianajotoimisto Matti Penttinen Oy <br>Museokatu 8 A <br>00100 Helsinki <br>alaline asukoht: Helsinki <br>Registrikood: 1531010-8 <br>matti.penttinen@mattipenttinen.fi <br>Telefon (09) 141 360, Fax (09) 141 286 <br>www.mattipenttinen.fi\/ <br>\n          <br>2.4. B\u00fcroo on registreeritud patendi- ja registrivalitsuse hallatavasse \u00e4riregistrisse. B\u00fcroo registrikood on 1531010-8 ja k\u00e4ibemaksukohustuslase registreerimisnumber on FI15310108. <br>2.5. B\u00fcroo eest asjaga tegeleb vastutava isikuna eelistatult kliendilepingusse m\u00e4rgitud jurist. <br>2.6. B\u00fcroo advokaadid on m\u00e4rgitud Soome advokaatide liidu (Suomen Asianajajaliitto) hallatavase advokaatide nimekirja. Advokaatide kasutatav \"asianajaja\u201d-ametinimetus on antud Soomes. Advokaatide j\u00e4relvalveasutus on <br>\n          <br>Suomen Asianajajaliitto <br>PL 194 (Simonkatu 12 B) <br>00101 HELSINKI <br>tel. (09) 6866 120 <br>fax (09) 6866 1299 <br>info@asianajajaliitto.fi <br>\n          <br>\n          <span style=\"font-weight: 700;\">3. \u00d5igusabi tellimuse sisu <\/span>\n          <br>\n          <br>3.1. Tellimus puudutab \u00f5igusabiteenust, mis m\u00e4\u00e4ratletakse kliendilepingus. <br>\n          <br>\n          <span style=\"font-weight: 700;\">4. Hind ja maksetingimused<\/span>\n          <br>\n          <br>4.1. B\u00fcroo esitab arve tehtud t\u00f6\u00f6 eest tasu parajasti kehtiva hinnakirja alusel. Kehtiv hinnakiri on saadaval advokaadib\u00fcroos. <br>4.2. Miinimumarvestus toimingu (nt telefonin\u00f5upidamise v\u00f5i e-kirja) eest on 0,2 tundi (12 minutit). Arvele lisatakse tellimuse t\u00e4itmisest tekkinud kulud vastavalt tekkinud kuludele. <br>4.3. V\u00f5imalike s\u00f5itude osas lisatakse arvele s\u00f5iduaja eest  tavalise tasu kohane hind ja Soome maksuameti maksuvabade s\u00f5iduh\u00fcvitiste otsuse kohased s\u00f5idukulud. <br>4.4. Kogunenud tasude ja kulude kohta esitatakse arved etapiviisiliselt, kui kokkulepitud toimingud on tehtud. Kohtuasjade osas kogunenud tasude ja kulude kohta esitatakse arve hiljemalt p\u00e4rast vastava kohtuastme otsust. Kolmandatele osapooltele makstavate kulude kohta v\u00f5idakse arve esitada eelnevalt. Muust vahearveldusest lepitakse eraldi kokku. <br>4.5. B\u00fcrool on \u00f5igus esitada ettemaksuarve nii enne tellimuse vastuv\u00f5tmist kui tellimuse jooksul. Ettemaks v\u00f5etakse v\u00e4hendusena arvesse l\u00f5plikus arves. <br>4.6. Makset\u00e4htaeg on 14 p\u00e4eva arve koostamiskuup\u00e4evast. Hilinenud maksele lisatakse seadusj\u00e4rgne viivis. <br>4.7. Eelnevalt mainitud tasudes ja kuludes sisalduv k\u00e4ibemaks tuleb tasuda vastavalt hetkel kehtivale maksum\u00e4\u00e4rale. <br>\n          <br>\n          <span style=\"font-weight: 700;\">5. \u00d5iguskaitsekindlustuse ja riikliku \u00f5igusabi tingimused.<\/span>\n          <br>\n          <br>5.1. Tellijat on juhendatud v\u00f5imaliku \u00f5iguskaitsekindlustuse v\u00f5i riikliku \u00f5igusabi kasutamse v\u00f5imalusest. <br>5.2. B\u00fcrool on \u00f5igus n\u00f5uda tellijalt tasude ja kulude maksmist selles osas, mida kindlustusfirma ei h\u00fcvita. <br>5.3. Riikliku \u00f5igusabi arvelduses j\u00e4rgitakse riikliku \u00f5igusabi seaduses\u00e4tteid. <br>5.4. Kui tellijale on tehtud positiivne riikliku \u00f5igusabi otsus, peab ta viivitamatult teatama, kui tema sissetulekud oluliselt muutuvad. <br>\n          <br>\n          <span style=\"font-weight: 700;\">6. \u00d5igusabiteenuse osutamine <\/span>\n          <br>\n          <br>6.1. \u00d5igusabitellimus t\u00e4idetakse hoolsalt ja professionaalselt j\u00e4rgides professionaalse eetika p\u00f5him\u00f5tteid. Professionaalse eetika juhendid on loetletud Soome Advokaatide liidu kodulehel  www.asianajajaliitto.fi. <br>6.2. B\u00fcroo v\u00f5ib saata tellimusega seotud e-kirju kliendilepingus m\u00e4rgitud aadressil v\u00f5i tellija poolt eraldi teatatud aadressil. <br>6.3. Dokumente ja teateid v\u00f5ib saata ka faksi teel tellija antud numbrile. <br>6.4. Tellimuse eest vastutav isik v\u00f5ib kasutada b\u00fcroo teenistuses olevate isikute abi. <br>6.5. B\u00fcrool on \u00f5igus vahetada vastutavat isikut ilma sellest tellijale ette teatamata. <br>6.6 B\u00fcrool on \u00f5igus kasutada tellimuse t\u00e4itmisel ka kolmandate isikute abi ja \u00f5igus hankida eksperdihinnanguid siis, kui see on tellimuse t\u00e4itmiseks vajalik. Kui sellest tekivad tellimuse mahuga arvestades m\u00e4rkimisv\u00e4\u00e4rsed kulud, peab v\u00e4lise abi hankimise eelnevalt tellijaga kokku leppima. <br>6.7. Kui b\u00fcroo vastutav isik ja muu volitatu teenistuses olev tellimuse t\u00e4itja ei saa ajutiselt tellimusega seotud \u00fclesandega tegeleda teatud ajal (n\u00e4iteks kohtus esindamisel), v\u00f5idakse antud \u00fclesande t\u00e4itmiseks kasutada v\u00e4ljaspoolset isikut, kellel on vastav p\u00e4devus. Sellest peab teavitama tellijat nii kiiresti, kui see on takistuse liigiga arvestades v\u00f5imalik. <br>\n          <br>\n          <span style=\"font-weight: 700;\">7. Vastutuse piiramine <\/span>\n          <br>\n          <br>7.1. Tarbija osas on b\u00fcroo vastutus piiramatu. <br>7.2. Teiste kui tarbijate osas on b\u00fcroo ja tema teenistuses olevate isikute vastutuse maksimaalne kogusumma v\u00f5imalikust tellimuse t\u00e4itmisel tekitatud kahjust Soome Advokaatide liidu hetkel kehtiva varalise kahju kindlustuse miinimumm\u00e4\u00e4r. Lepinguhetkel see on 200.000 eurot. <br>7.3. Kui kahju on tekitatud tahtlikult v\u00f5i raske hooletuse k\u00e4igus, on kahjutekitaja kohustatud h\u00fcvitama kahju kogu ulatuses. <br>\n          <br>\n          <span style=\"font-weight: 700;\">8. Vastutuskindlustus<\/span>\n          <br>\n          <br>8.1. Volitatul on oma tegevuse jaoks vastutuskindlustus, mille maksimumm\u00e4\u00e4r on varalise kahju puhul 200.000 \u20ac ja isiku- ja esemekahju puhul 500.000 \u20ac. Volitatu vastutus piirneb kindlustustingimustest hoolimata 7. punkti vastutuse piiramise kohaselt. Vastutuskindluse andnud kindlustusfirma on \u200bPohjola Vakuutus Oy, Gebhardinaukio 1  00013 Pohjola, puh. 03 03 03 03, https:\/\/www.op.fi\/pohjolavakuutus.<br>\n          <br>\n          <span style=\"font-weight: 700;\">9. Erimeelsus tasu suuruse v\u00f5i \u00f5igusabitellimuse t\u00e4itmise kohta<\/span>\n          <br>\n          <br>9.1. Juhul kui tellija peab b\u00fcroo esitatud arvet ekslikuks v\u00f5i liiga suureks, on tellijal v\u00f5imalus saata tasu puudutav eri-meelsus hindamiseks Soome Advokaatide liidu j\u00e4relvalvekomisjoni. Juhul kui tellija on muus osas rahuolematu volitatu teenindusega, v\u00f5ib ta kaevata Soome Advokaatide liidu j\u00e4relvalvekomisjoni. <br>9.2. Tarbijal on ka \u00f5igus saata v\u00f5imalik tasu puudutav erimeelsus tarbijakaitseametile k\u00e4sitlemiseks. <br>9.3. Tarbija v\u00f5ib Soomes taotleda tsiviilasja menetlust ka oma elukohaj\u00e4rgses kohtus. Muu kui tarbija v\u00f5ib taotleda tsiviilasja menetlust volitatu alalise asukoha kohtus. <br>\n          <br>\n          <span style=\"font-weight: 700;\">10. Tarbijakaitseseaduse andmete kinnitamise kohustus ja kaugtellimus <\/span>\n          <br>\n          <br>10.1. Tarbijakaitseseaduse j\u00e4rgne andmete kinnitamise kohustuse t\u00e4itmiseks b\u00fcroo teatab, et tarbijast kliendil on \u00f5igus t\u00fchistada telefoni, kirja, e-kirja, kodulehe v\u00f5i muu kaugsidevahendi teel tehtud leping teatades sellest advokaadib\u00fcroole \u00fclalpool mainitud aadressil 14 p\u00e4eva jooksul selle dokumendi vastuv\u00f5tmisest. Juhul kui teenuse osutamisega on juba kliendi n\u00f5usolekul alustatud, t\u00fchistamis\u00f5igust ei ole. <br>\n          <br>\n          <span style=\"font-weight: 700;\">11. Kliendijuhendid ja kliendi kohustused <\/span>\n          <br>\n          <br>11.1. Klient peab viivitamata teata oma kontaktandmete muutustest. <br>11.2. Kui klient saab kohtust v\u00f5i ametkonnast hagi, kutse istungile, vastulausepalve v\u00f5i muud tellimusega seotud materjali, peab sellest viivitamatult teavitama advokaadib\u00fcrood. On esmat\u00e4htis, et teavitatakse viivitamatult, et advokaadib\u00fcroo saaks kohtuprotsessiks aega broneerida ja et k\u00f5ik vajalikud ettevalmistavad toimingud nagu dokumentide tellimine ja tunnistajate kutsumine j\u00f5utaks teha varakult enne kohtu-istungit. Vastulausepalvete osas on kohene teavitamine vajalik, et vastulause esitamise t\u00e4htaeg ei l\u00e4heks \u00fcle. Advokaadib\u00fcroo ei saa tavaliselt eraldi teavitust hagi ja kohtuistungi kuup\u00e4evast, vaid teabe saamine s\u00f5ltub kliendi antavast infost. <br>11.3. Klient peab viivitamatult teavitama advokaadib\u00fcrood ka vastaspoole v\u00f5imalikest \u00fchendusev\u00f5tmistest ja k\u00f5ikidest muutustest oma olukorras, millel v\u00f5ib olla tellimuse suhtes t\u00e4htsust. <br>11.4. Klient kohustub oma tellimusega seotud dokumentidele j\u00e4rgi minema \u00fche (1) aasta jooksul tellimuse l\u00f5ppemisest. Kui klient ei tule dokumentidele j\u00e4rgi selle aja jooksul, advokaadib\u00fcrool on \u00f5igus h\u00e4vitada muud kui kliendile kuuluvad originaaldokumendid. Need dokumendid on algup\u00e4rased kohtu- ja muud otsused, p\u00e4randi ja abieluvara jagamise tunnistused isegi kui need on saadud mujalt tellimuse t\u00e4itmiseks ja kliendile koostatud dokumendid, nagu p\u00e4randvara loetelud, kruntimisdokumendid, testamendid, lepingud jne.  H\u00e4vitamisele l\u00e4hevad v\u00e4hemalt eeluurimisprotokollid, koopiad kliendi dokumentidest ja kirjavahetus. <br>\n          <br>\n          <span style=\"font-weight: 700;\">12. Kehtivusaeg ja m\u00e4rkused<\/span>\n          <br>\n          <br>12.1 Kliendilepingu j\u00f5ustumine <br>Kliendileping j\u00f5ustub kui kumbki osapool on selle oma allkirjaga v\u00f5i muul viisil heaks kiitnud. Kui asjas midagi muud kokku ei lepita, j\u00f5ustub kliendileping ja asjaga hakatakse tegelema alles siis, kui on saadud positiivne \u00f5igusabi \u2013 v\u00f5i \u00f5iguskaitseotsus v\u00f5i kui klient on tasunud kokkulepitud ettemaksu. <br>12.2. Kliendilepingu l\u00f5ppemine <br>Kui kumbki osapool on t\u00e4itnud kliendilepinguj\u00e4rgsed kohustused, lepingu kehtivus l\u00f5peb ilma eraldi \u00fcles\u00fctlemiseta. Klient v\u00f5ib l\u00f5petada antud lepingu koheselt millal iganes. Advokaadib\u00fcroo v\u00f5ib loobuda tellimusest ainult advokaatide professionaalse eetika juhendite kohaselt. <br>12.3. M\u00e4rkused <br>Klient peab esitama v\u00f5imalikud eelpool mainitud tellimustingimusi puudutavad m\u00e4rkused vastutavale advokaadile kirjalikult hiljemalt 14 p\u00e4eva jooksul antud kliendilepingu kuup\u00e4evast alates. Muul juhul klient on antud tingimused heaks kiitnud. <br>12.4. \u00dcldtingimuste kehtivus <br>Need \u00fcldtingimused kehtivad alates 17.07.2019.&nbsp;<br>\n        <\/p>\n      <\/div>\n    <\/section>\n    \n    \n    \n    \n  \n","protected":false},"excerpt":{"rendered":"<p>Tellimuse \u00fcldtingimused 1. Rakendusala 1.1. Tellimuse \u00fcldtingimused Neid lepingutingimusi rakendatakse k\u00f5ikide Advokaadib\u00fcroo Matti Penttinen Oy (Asianajotoimisto Matti Penttinen Oy) s\u00f5lmitud kliendilepingute t\u00e4iendavate tingimustena, kui kliendiga pole nimelt teisiti eraldi kirjalikult kokku lepitud. Tellimusel rakendatakse Soome seadusandlust. 2. Lepingu osapooled 2.1. Lepingu osapooled on Advokaadib\u00fcroo Matti Penttinen Oy (edaspidi b\u00fcroo) ja tellimuse esitanud klient (edaspidi tellija &hellip; <a href=\"https:\/\/mattipenttinen.fi\/Estonia\/ehdot_est\/\" class=\"more-link\">Continue reading<span class=\"screen-reader-text\"> &#8221;ehdot_est&#8221;<\/span><\/a><\/p>\n","protected":false},"author":2,"featured_media":0,"parent":0,"menu_order":14,"comment_status":"closed","ping_status":"closed","template":"","meta":{"footnotes":""},"class_list":["post-67","page","type-page","status-publish","hentry"],"_links":{"self":[{"href":"https:\/\/mattipenttinen.fi\/Estonia\/wp-json\/wp\/v2\/pages\/67","targetHints":{"allow":["GET"]}}],"collection":[{"href":"https:\/\/mattipenttinen.fi\/Estonia\/wp-json\/wp\/v2\/pages"}],"about":[{"href":"https:\/\/mattipenttinen.fi\/Estonia\/wp-json\/wp\/v2\/types\/page"}],"author":[{"embeddable":true,"href":"https:\/\/mattipenttinen.fi\/Estonia\/wp-json\/wp\/v2\/users\/2"}],"replies":[{"embeddable":true,"href":"https:\/\/mattipenttinen.fi\/Estonia\/wp-json\/wp\/v2\/comments?post=67"}],"version-history":[{"count":1,"href":"https:\/\/mattipenttinen.fi\/Estonia\/wp-json\/wp\/v2\/pages\/67\/revisions"}],"predecessor-version":[{"id":86,"href":"https:\/\/mattipenttinen.fi\/Estonia\/wp-json\/wp\/v2\/pages\/67\/revisions\/86"}],"wp:attachment":[{"href":"https:\/\/mattipenttinen.fi\/Estonia\/wp-json\/wp\/v2\/media?parent=67"}],"curies":[{"name":"wp","href":"https:\/\/api.w.org\/{rel}","templated":true}]}}