{"id":66,"date":"2023-10-13T06:26:21","date_gmt":"2023-10-13T06:26:21","guid":{"rendered":"https:\/\/mattipenttinen.fi\/Estonia\/yhdenvertaisuus-tasa-arvo_est\/"},"modified":"2023-10-13T06:26:30","modified_gmt":"2023-10-13T06:26:30","slug":"yhdenvertaisuus-tasa-arvo_est","status":"publish","type":"page","link":"https:\/\/mattipenttinen.fi\/Estonia\/yhdenvertaisuus-tasa-arvo_est\/","title":{"rendered":"yhdenvertaisuus-tasa-arvo_est"},"content":{"rendered":"\n  \n    <section class=\"u-clearfix u-section-1\" id=\"sec-5731\">\n      <div class=\"u-clearfix u-sheet u-sheet-1\">\n        <h5 class=\"u-text u-text-1\"> V\u00f5rdse kohtlemise seadus, v\u00f5rd\u00f5iguslikkus ja\ndiskrimineerimine<\/h5>\n        <p class=\"u-text u-text-2\"> Mitmeid seaduseid saab rakendada ka t\u00f6\u00f6elu diskrimineerivates situatsioonides. Diskrimineerimist puudutavaid s\u00e4tteid on muuhulgas t\u00f6\u00f6lepinguseaduses, v\u00f5rd\u00f5iguslikkuse seaduses, v\u00f5rdse kohtlemise seaduses ja kriminaalseadustikus. <br>\n          <br>T\u00f6\u00f6lepinguseadus <br>\n          <br>T\u00f6\u00f6andjal on t\u00f6\u00f6lepinguseadusest johtuv kohustus kohelda oma t\u00f6\u00f6tajaid v\u00f5rdv\u00e4\u00e4rselt hoolimata n\u00e4iteks t\u00f6\u00f6suhte t\u00e4htajalisusest v\u00f5i osalisest t\u00f6\u00f6ajast. Seaduses on lisaks nimelt diskrimineerimiskeeld, mis keelab t\u00f6\u00f6taja v\u00f5i t\u00f6\u00f6otsija asetamist ebasoodsasse olukorda tema tausta v\u00f5i eraeluga seotud seikade p\u00e4rast. Keelatud p\u00f5hjendused on n\u00e4iteks vanus, tervislik seisund, rahvuslik v\u00f5i etniline algup\u00e4ra, seksuaalne suundumus, keel, religioon, t\u00f5ekspidamised, peresuhted, ameti\u00fchingutegevus, poliitiline tegevus v\u00f5i muu nendega v\u00f5rreldav seik. <br>\n          <br>T\u00f6\u00f6lepinguseadus keelab seega kasutamast t\u00f6\u00f6lepingu l\u00f5petamise alusena t\u00f6\u00f6taja poliitilisi, religioosseid v\u00f5i muid t\u00f5ekspidamisi v\u00f5i tema osalemist \u00fchiskondlikus v\u00f5i m\u00f5ne \u00fchingu tegevuses. Peab meeles pidama, et ka katseaeg ei \u00f5igusta t\u00f6\u00f6andjat katkestamast t\u00f6\u00f6lepingut diskrimineerivatel v\u00f5i muudel sellistel alustel, mis pole koosk\u00f5las katseaja p\u00f5him\u00f5ttega. <br>\n          <br>V\u00f5rdse kohtlemise seadus <br>\n          <br>T\u00f6\u00f6lepinguseaduses s\u00e4testatud diskrimineerimiskeeldu kinnitab ka v\u00f5rdse kohtlemise seadus, mis sobib kasutamiseks muuhulgas t\u00f6\u00f6lev\u00f5tualuste, t\u00f6\u00f6tamistingimuste, t\u00f6\u00f6tingimuste, personalikoolituse ja karj\u00e4\u00e4ri tegemisega seotud olukordades. V\u00f5rdse kohtlemise seadus annab diskrimineeritule v\u00f5imaluse n\u00f5uda t\u00f6\u00f6andjalt v\u00f5rdse kohtlemise seaduse j\u00e4rgset h\u00fcvitist. <br>\n          <br>V\u00f5rd\u00f5iguslikkuse seadus <br>\n          <br>V\u00f5rd\u00f5iguslikkuse seadus keelab sugupoolel p\u00f5hineva diskrimineerimise. Diskrimineerimine v\u00f5ib ilmneda muuhulgas palgas v\u00f5i t\u00f6\u00f6lev\u00f5tmises. Ka diskrimineerivad teated ja h\u00e4irimine on keelatud. Kui t\u00f6\u00f6andja diskrimineerib t\u00f6\u00f6tajat tema sugupoole p\u00e4rast, v\u00f5ib solvatud isik n\u00f5uda t\u00f6\u00f6andjalt v\u00f5rd\u00f5iguslikkuse seaduse j\u00e4rgset h\u00fcvitist. <br>\n          <br>Kriminaalseadus <br>\n          <br>T\u00f6\u00f6elus diskrimineerimine on s\u00e4testatud kriminaalseaduses karistatavaks t\u00f6\u00f6alaseks diskrimineerimiseks, milles v\u00f5ib s\u00fc\u00fcdlaseks olla t\u00f6\u00f6andja v\u00f5i t\u00f6\u00f6andja esindaja. T\u00f6\u00f6alast diskrimineerimist v\u00f5ib esineda t\u00f6\u00f6kohast teatamise, t\u00f6\u00f6lev\u00f5tu, t\u00f6\u00f6\u00fclesannete v\u00f5i t\u00f6\u00f6suhte kestuse osas. Sanktsiooniks on trahv v\u00f5i vanglakaristus.&nbsp;<br>\n        <\/p>\n      <\/div>\n    <\/section>\n    \n    \n    \n    \n  \n","protected":false},"excerpt":{"rendered":"<p>V\u00f5rdse kohtlemise seadus, v\u00f5rd\u00f5iguslikkus ja diskrimineerimine Mitmeid seaduseid saab rakendada ka t\u00f6\u00f6elu diskrimineerivates situatsioonides. Diskrimineerimist puudutavaid s\u00e4tteid on muuhulgas t\u00f6\u00f6lepinguseaduses, v\u00f5rd\u00f5iguslikkuse seaduses, v\u00f5rdse kohtlemise seaduses ja kriminaalseadustikus. T\u00f6\u00f6lepinguseadus T\u00f6\u00f6andjal on t\u00f6\u00f6lepinguseadusest johtuv kohustus kohelda oma t\u00f6\u00f6tajaid v\u00f5rdv\u00e4\u00e4rselt hoolimata n\u00e4iteks t\u00f6\u00f6suhte t\u00e4htajalisusest v\u00f5i osalisest t\u00f6\u00f6ajast. Seaduses on lisaks nimelt diskrimineerimiskeeld, mis keelab t\u00f6\u00f6taja v\u00f5i t\u00f6\u00f6otsija asetamist &hellip; <a href=\"https:\/\/mattipenttinen.fi\/Estonia\/yhdenvertaisuus-tasa-arvo_est\/\" class=\"more-link\">Continue reading<span class=\"screen-reader-text\"> &#8221;yhdenvertaisuus-tasa-arvo_est&#8221;<\/span><\/a><\/p>\n","protected":false},"author":2,"featured_media":0,"parent":0,"menu_order":13,"comment_status":"closed","ping_status":"closed","template":"","meta":{"footnotes":""},"class_list":["post-66","page","type-page","status-publish","hentry"],"_links":{"self":[{"href":"https:\/\/mattipenttinen.fi\/Estonia\/wp-json\/wp\/v2\/pages\/66","targetHints":{"allow":["GET"]}}],"collection":[{"href":"https:\/\/mattipenttinen.fi\/Estonia\/wp-json\/wp\/v2\/pages"}],"about":[{"href":"https:\/\/mattipenttinen.fi\/Estonia\/wp-json\/wp\/v2\/types\/page"}],"author":[{"embeddable":true,"href":"https:\/\/mattipenttinen.fi\/Estonia\/wp-json\/wp\/v2\/users\/2"}],"replies":[{"embeddable":true,"href":"https:\/\/mattipenttinen.fi\/Estonia\/wp-json\/wp\/v2\/comments?post=66"}],"version-history":[{"count":1,"href":"https:\/\/mattipenttinen.fi\/Estonia\/wp-json\/wp\/v2\/pages\/66\/revisions"}],"predecessor-version":[{"id":85,"href":"https:\/\/mattipenttinen.fi\/Estonia\/wp-json\/wp\/v2\/pages\/66\/revisions\/85"}],"wp:attachment":[{"href":"https:\/\/mattipenttinen.fi\/Estonia\/wp-json\/wp\/v2\/media?parent=66"}],"curies":[{"name":"wp","href":"https:\/\/api.w.org\/{rel}","templated":true}]}}