{"id":60,"date":"2023-10-13T06:26:15","date_gmt":"2023-10-13T06:26:15","guid":{"rendered":"https:\/\/mattipenttinen.fi\/Estonia\/tyoturvallisuus_est\/"},"modified":"2023-10-13T08:38:17","modified_gmt":"2023-10-13T08:38:17","slug":"tyoturvallisuus_est","status":"publish","type":"page","link":"https:\/\/mattipenttinen.fi\/Estonia\/tyoturvallisuus_est\/","title":{"rendered":"tyoturvallisuus_est"},"content":{"rendered":"\n    \n    <section class=\"u-clearfix u-section-2\" id=\"sec-9fa3\">\n      <div class=\"u-clearfix u-sheet u-sheet-1\">\n        <h5 class=\"u-text u-text-1\"> T\u00f6\u00f6ohutus<\/h5>\n        <p class=\"u-text u-text-2\"> T\u00f6\u00f6andja peab hoolt kandma t\u00f6\u00f6ohutuse eest, et kaitsta t\u00f6\u00f6tajat \u00f5nnetuste ja terviseohtude eest. Kui tegemist on rendit\u00f6\u00f6tajaga, hoolitseb t\u00f6\u00f6ohutuse eest see kasutajaettev\u00f5te, kellele rendit\u00f6\u00f6taja t\u00f6\u00f6tab. T\u00f6\u00f6ohutuskohustuse t\u00e4itmiseks peab t\u00f6\u00f6andja arvestama t\u00f6\u00f6, t\u00f6\u00f6tingimuste ja muu t\u00f6\u00f6keskkonnaga samuti kui t\u00f6\u00f6taja isiklike eeldustega. <br>\n          <br>T\u00f6\u00f6ohutusseadus s\u00e4testab t\u00f6\u00f6andja ja t\u00f6\u00f6taja kohustused t\u00f6\u00f6ohutuse tagamiseks. See sisaldab s\u00e4tteid alates t\u00f6\u00f6ergonoomiast ja t\u00f6\u00f6koha asjakohasest valgustusest kuni ohtlike ainete k\u00e4sitlemiseni. T\u00f6\u00f6tajal peab olema asjakohane t\u00f6\u00f6tamiskoht ja t\u00f6\u00f6vahendid. T\u00f6\u00f6ohutusreeglid puudutavad ka t\u00f6\u00f6s kasutatavate masinate ja muude t\u00f6\u00f6vahendite ohutust. Eriti ohtlikku t\u00f6\u00f6d v\u00f5ib teha ainult vastava p\u00e4devuse saanud t\u00f6\u00f6taja. Teiste isikute ligip\u00e4\u00e4su ohupiirkonda peab takistama. Lisaks eeldab t\u00f6\u00f6ohutusseadus, et t\u00f6\u00f6andja peab \u00f5nnetusjuhtumiteks ette valmistuma ja andma t\u00f6\u00f6tajatele t\u00f6\u00f6koha oludeks vajaliku koolituse ja juhised. <br>\n          <br>Eraldi s\u00e4tted on ka ohtlike ainete kasutamise ja nende m\u00f5ju alla sattumise kohta. <br>\n          <br>T\u00f6\u00f6andja kohustus on korraldada t\u00f6\u00f6 nii, et \u00f5nnetuste oht on v\u00f5imalikult v\u00e4ike. T\u00f6\u00f6andja peab hoolitsema vajalike p\u00e4\u00e4stejuhendite ja esmaabi eest. <br>\n          <br>Rasedate t\u00f6\u00f6tajate osas peab t\u00f6\u00f6andja v\u00f5tma arvesse t\u00f6\u00f6 ohud nii lootele kui t\u00f6\u00f6tajale. T\u00f6\u00f6andja peab proovima raseda \u00fcleviimist t\u00f6\u00f6tajale sobivale t\u00f6\u00f6le, kui t\u00f6\u00f6tingimused ohustavad raseda t\u00f6\u00f6taja v\u00f5i loote tervist ega t\u00f6\u00f6 v\u00f5i t\u00f6\u00f6tingimuste ohufaktorit ole v\u00f5imalik eemaldada. <br>\n          <br>T\u00f6\u00f6ohutusreeglid puudutavad ka t\u00f6\u00f6l esinevat t\u00fclitamist ja ebaasjalikku kohtlemist. T\u00f6\u00f6andjal on kohustus h\u00e4irimise eemaldamiseks meetmed kasutusele v\u00f5tta, kui ta on sellest teada saanud. <br>\n          <br>T\u00f6\u00f6andja on kohustatud pidama t\u00f6\u00f6tajatele n\u00e4htaval kohal t\u00f6\u00f6ohutusseadust ja selle p\u00f5hjal antud t\u00f6\u00f6kohta puudutavaid s\u00e4tteid. T\u00f6\u00f6tajal omalt poolt on kohustus t\u00f6\u00f6andja juhendeid j\u00e4rgida ja vastavalt v\u00f5imalusele vigu ja puuduseid \u00e4ra hoida ja nendest t\u00f6\u00f6andjale teatada. <br>\n          <br>Kui t\u00f6\u00f6andja j\u00e4tab t\u00f6\u00f6ohutuse hooletusse, v\u00f5idakse ta s\u00fc\u00fcdi m\u00f5ista t\u00f6\u00f6ohutusrikkumise v\u00f5i t\u00f6\u00f6ohutuskurit\u00f6\u00f6 eest.&nbsp;<br>\n        <\/p>\n      <\/div>\n    <\/section>\n    \n    \n    \n  \n","protected":false},"excerpt":{"rendered":"<p>T\u00f6\u00f6ohutus T\u00f6\u00f6andja peab hoolt kandma t\u00f6\u00f6ohutuse eest, et kaitsta t\u00f6\u00f6tajat \u00f5nnetuste ja terviseohtude eest. Kui tegemist on rendit\u00f6\u00f6tajaga, hoolitseb t\u00f6\u00f6ohutuse eest see kasutajaettev\u00f5te, kellele rendit\u00f6\u00f6taja t\u00f6\u00f6tab. T\u00f6\u00f6ohutuskohustuse t\u00e4itmiseks peab t\u00f6\u00f6andja arvestama t\u00f6\u00f6, t\u00f6\u00f6tingimuste ja muu t\u00f6\u00f6keskkonnaga samuti kui t\u00f6\u00f6taja isiklike eeldustega. T\u00f6\u00f6ohutusseadus s\u00e4testab t\u00f6\u00f6andja ja t\u00f6\u00f6taja kohustused t\u00f6\u00f6ohutuse tagamiseks. See sisaldab s\u00e4tteid alates t\u00f6\u00f6ergonoomiast ja &hellip; <a href=\"https:\/\/mattipenttinen.fi\/Estonia\/tyoturvallisuus_est\/\" class=\"more-link\">Continue reading<span class=\"screen-reader-text\"> &#8221;tyoturvallisuus_est&#8221;<\/span><\/a><\/p>\n","protected":false},"author":2,"featured_media":0,"parent":0,"menu_order":7,"comment_status":"closed","ping_status":"closed","template":"","meta":{"footnotes":""},"class_list":["post-60","page","type-page","status-publish","hentry"],"_links":{"self":[{"href":"https:\/\/mattipenttinen.fi\/Estonia\/wp-json\/wp\/v2\/pages\/60","targetHints":{"allow":["GET"]}}],"collection":[{"href":"https:\/\/mattipenttinen.fi\/Estonia\/wp-json\/wp\/v2\/pages"}],"about":[{"href":"https:\/\/mattipenttinen.fi\/Estonia\/wp-json\/wp\/v2\/types\/page"}],"author":[{"embeddable":true,"href":"https:\/\/mattipenttinen.fi\/Estonia\/wp-json\/wp\/v2\/users\/2"}],"replies":[{"embeddable":true,"href":"https:\/\/mattipenttinen.fi\/Estonia\/wp-json\/wp\/v2\/comments?post=60"}],"version-history":[{"count":1,"href":"https:\/\/mattipenttinen.fi\/Estonia\/wp-json\/wp\/v2\/pages\/60\/revisions"}],"predecessor-version":[{"id":79,"href":"https:\/\/mattipenttinen.fi\/Estonia\/wp-json\/wp\/v2\/pages\/60\/revisions\/79"}],"wp:attachment":[{"href":"https:\/\/mattipenttinen.fi\/Estonia\/wp-json\/wp\/v2\/media?parent=60"}],"curies":[{"name":"wp","href":"https:\/\/api.w.org\/{rel}","templated":true}]}}