{"id":55,"date":"2023-10-13T06:26:10","date_gmt":"2023-10-13T06:26:10","guid":{"rendered":"https:\/\/mattipenttinen.fi\/Estonia\/korvaus_est\/"},"modified":"2023-10-13T06:26:28","modified_gmt":"2023-10-13T06:26:28","slug":"korvaus_est","status":"publish","type":"page","link":"https:\/\/mattipenttinen.fi\/Estonia\/korvaus_est\/","title":{"rendered":"korvaus_est"},"content":{"rendered":"\n  \n    <section class=\"u-clearfix u-section-1\" id=\"sec-260a\">\n      <div class=\"u-clearfix u-sheet u-sheet-1\">\n        <h5 class=\"u-text u-text-1\"> H\u00fcvitis<\/h5>\n        <p class=\"u-text u-text-2\"> Kui t\u00f6\u00f6andja l\u00f5petab t\u00f6\u00f6lepingu t\u00f6\u00f6lepinguseaduse vastaselt, on t\u00f6\u00f6tajal \u00f5igus n\u00f5uda h\u00fcvitist t\u00f6\u00f6lepingu alusetu l\u00f5petamise eest. \u00d5igus h\u00fcvitisele ei s\u00f5ltu sellest, kas t\u00f6\u00f6taja on vallandatud tema isikuga seotud alustel v\u00f5i majanduse ja tootmisega seotud alustel. H\u00fcvitist t\u00f6\u00f6lepingu alusetu l\u00f5petamise eest v\u00f5ib saada ka siis, kui t\u00f6\u00f6taja on sunnitud katkestama lepingu t\u00f6\u00f6andja t\u00f5sise tegemataj\u00e4tmise p\u00e4rast. <br>\n          <br>T\u00f6\u00f6lepinguseaduses on h\u00fcvitise m\u00e4\u00e4raks s\u00e4testatud v\u00e4hemalt kolme ja maksimaalselt 24 kuu palk. H\u00fcvitise m\u00e4\u00e4ra m\u00f5jutab muuhulgas t\u00f6\u00f6tajale tekkinud materiaalse kahju m\u00e4\u00e4r. H\u00fcvitise suurust m\u00f5jutab ka see, kas t\u00f6\u00f6lepingu l\u00f5petamise alus v\u00f5i menetlus on olnud t\u00f6\u00f6taja isikut solvav. Lisaks peab hindama iga juhtumit tervikuna. <br>\n          <br>H\u00fcvitis peab olema seda suurem, mida rohkem t\u00f6\u00f6tajat on solvatud v\u00f5i mida rohkem t\u00f6\u00f6andja on \u00fcles n\u00e4idanud hoolimatust seaduse j\u00e4rgimise suhtes. H\u00fcvitise m\u00e4\u00e4ra v\u00e4hendava seigana v\u00f5etakse arvesse, kui t\u00f6\u00f6taja on andnud p\u00f5hjust t\u00f6\u00f6leping katkestada. H\u00fcvitise m\u00e4\u00e4ra v\u00e4hendava tegurina peab arvestama ka, kui t\u00f6\u00f6taja on saanud p\u00e4rast t\u00f6\u00f6lepingu l\u00f5ppemist t\u00f6\u00f6tuh\u00fcvitist. <br>\n          <br>H\u00fcvitise osas v\u00f5ivad t\u00f6\u00f6andja ja t\u00f6\u00f6taja kokku leppida. Kui osapooled ei j\u00f5ua kokkuleppele, m\u00e4\u00e4rab kohus h\u00fcvitise, juhul kui j\u00f5uab selle tulemuseni, et t\u00f6\u00f6suhe on aluseta l\u00f5petatud.&nbsp;<br>\n        <\/p>\n      <\/div>\n    <\/section>\n    \n    \n    \n    \n  \n","protected":false},"excerpt":{"rendered":"<p>H\u00fcvitis Kui t\u00f6\u00f6andja l\u00f5petab t\u00f6\u00f6lepingu t\u00f6\u00f6lepinguseaduse vastaselt, on t\u00f6\u00f6tajal \u00f5igus n\u00f5uda h\u00fcvitist t\u00f6\u00f6lepingu alusetu l\u00f5petamise eest. \u00d5igus h\u00fcvitisele ei s\u00f5ltu sellest, kas t\u00f6\u00f6taja on vallandatud tema isikuga seotud alustel v\u00f5i majanduse ja tootmisega seotud alustel. H\u00fcvitist t\u00f6\u00f6lepingu alusetu l\u00f5petamise eest v\u00f5ib saada ka siis, kui t\u00f6\u00f6taja on sunnitud katkestama lepingu t\u00f6\u00f6andja t\u00f5sise tegemataj\u00e4tmise p\u00e4rast. T\u00f6\u00f6lepinguseaduses &hellip; <a href=\"https:\/\/mattipenttinen.fi\/Estonia\/korvaus_est\/\" class=\"more-link\">Continue reading<span class=\"screen-reader-text\"> &#8221;korvaus_est&#8221;<\/span><\/a><\/p>\n","protected":false},"author":2,"featured_media":0,"parent":0,"menu_order":2,"comment_status":"closed","ping_status":"closed","template":"","meta":{"footnotes":""},"class_list":["post-55","page","type-page","status-publish","hentry"],"_links":{"self":[{"href":"https:\/\/mattipenttinen.fi\/Estonia\/wp-json\/wp\/v2\/pages\/55","targetHints":{"allow":["GET"]}}],"collection":[{"href":"https:\/\/mattipenttinen.fi\/Estonia\/wp-json\/wp\/v2\/pages"}],"about":[{"href":"https:\/\/mattipenttinen.fi\/Estonia\/wp-json\/wp\/v2\/types\/page"}],"author":[{"embeddable":true,"href":"https:\/\/mattipenttinen.fi\/Estonia\/wp-json\/wp\/v2\/users\/2"}],"replies":[{"embeddable":true,"href":"https:\/\/mattipenttinen.fi\/Estonia\/wp-json\/wp\/v2\/comments?post=55"}],"version-history":[{"count":1,"href":"https:\/\/mattipenttinen.fi\/Estonia\/wp-json\/wp\/v2\/pages\/55\/revisions"}],"predecessor-version":[{"id":74,"href":"https:\/\/mattipenttinen.fi\/Estonia\/wp-json\/wp\/v2\/pages\/55\/revisions\/74"}],"wp:attachment":[{"href":"https:\/\/mattipenttinen.fi\/Estonia\/wp-json\/wp\/v2\/media?parent=55"}],"curies":[{"name":"wp","href":"https:\/\/api.w.org\/{rel}","templated":true}]}}